{"id":2183,"date":"2021-11-15T09:20:37","date_gmt":"2021-11-15T09:20:37","guid":{"rendered":"https:\/\/sodasystem.net\/replanta\/?page_id=2183"},"modified":"2021-11-17T10:11:38","modified_gmt":"2021-11-17T10:11:38","slug":"equipamentos","status":"publish","type":"page","link":"https:\/\/sodasystem.net\/replanta\/equipamentos\/","title":{"rendered":"Equipamentos"},"content":{"rendered":"\t\t<div data-elementor-type=\"wp-page\" data-elementor-id=\"2183\" class=\"elementor elementor-2183\" data-elementor-settings=\"[]\">\n\t\t\t\t\t\t<div class=\"elementor-inner\">\n\t\t\t\t\t\t\t<div class=\"elementor-section-wrap\">\n\t\t\t\t\t\t\t<main class=\"elementor-section elementor-top-section elementor-element elementor-element-5f4b6fc2 elementor-section-boxed elementor-section-height-default elementor-section-height-default elementor-invisible\" data-id=\"5f4b6fc2\" data-element_type=\"section\" id=\"link\" data-settings=\"{&quot;animation&quot;:&quot;fadeIn&quot;,&quot;background_background&quot;:&quot;classic&quot;}\">\n\t\t\t\t\t\t<div class=\"elementor-container elementor-column-gap-thegem\">\n\t\t\t\t\t\t\t<div class=\"elementor-row\">\n\t\t\t\t\t<div class=\"elementor-column elementor-col-50 elementor-top-column elementor-element elementor-element-3ca65df6\" data-id=\"3ca65df6\" data-element_type=\"column\">\n\t\t\t<div class=\"elementor-column-wrap elementor-element-populated\">\n\t\t\t\t\t\t\t<div class=\"elementor-widget-wrap\">\n\t\t\t\t\t\t<div class=\"elementor-element elementor-element-5a626f61 elementor-widget elementor-widget-heading\" data-id=\"5a626f61\" data-element_type=\"widget\" data-widget_type=\"heading.default\">\n\t\t\t\t<div class=\"elementor-widget-container\">\n\t\t\t<div class=\"title-h1 elementor-heading-title elementor-size-default\">Design ao\nservi\u00e7o da\ncompostagem.<\/div>\t\t<\/div>\n\t\t\t\t<\/div>\n\t\t\t\t<div class=\"elementor-element elementor-element-2640353f elementor-widget elementor-widget-heading\" data-id=\"2640353f\" data-element_type=\"widget\" data-widget_type=\"heading.default\">\n\t\t\t\t<div class=\"elementor-widget-container\">\n\t\t\t<div class=\"styled-subtitle elementor-heading-title elementor-size-default\">Os novos\ncompostores Re-Planta! s\u00e3o o equipamento\nperfeito para ter no seu jardim.\nMais compactos e com novo\ndesign, s\u00e3o o equipamento\nperfeito para come\u00e7ar. E claro,\ncontinuam gratuitos.<\/div>\t\t<\/div>\n\t\t\t\t<\/div>\n\t\t\t\t<div class=\"elementor-element elementor-element-d2c3ce4 elementor-widget elementor-widget-heading\" data-id=\"d2c3ce4\" data-element_type=\"widget\" data-widget_type=\"heading.default\">\n\t\t\t\t<div class=\"elementor-widget-container\">\n\t\t\t<div class=\"styled-subtitle elementor-heading-title elementor-size-default\">A compostagem dom\u00e9stica \u00e9 hoje uma\nresposta global aos desequil\u00edbrios\nambientais do planeta. \u00c9 por isso que os\ngovernos e munic\u00edpios encorajam os\ncidad\u00e3o a pratic\u00e1-la oferecendo\nequipamentos.<\/div>\t\t<\/div>\n\t\t\t\t<\/div>\n\t\t\t\t\t\t<\/div>\n\t\t\t\t\t<\/div>\n\t\t<\/div>\n\t\t\t\t<div class=\"elementor-column elementor-col-50 elementor-top-column elementor-element elementor-element-50118dbd\" data-id=\"50118dbd\" data-element_type=\"column\">\n\t\t\t<div class=\"elementor-column-wrap elementor-element-populated\">\n\t\t\t\t\t\t\t<div class=\"elementor-widget-wrap\">\n\t\t\t\t\t\t<div class=\"elementor-element elementor-element-b648e8c elementor-widget elementor-widget-image\" data-id=\"b648e8c\" data-element_type=\"widget\" data-widget_type=\"image.default\">\n\t\t\t\t<div class=\"elementor-widget-container\">\n\t\t\t\t\t\t\t\t<div class=\"elementor-image\">\n\t\t\t\t\t\t\t\t\t\t\t\t<img decoding=\"async\" width=\"883\" height=\"1024\" src=\"https:\/\/sodasystem.net\/replanta\/wp-content\/uploads\/2021\/11\/compostor_novo2-883x1024.png\" class=\"attachment-large size-large\" alt=\"\" srcset=\"https:\/\/sodasystem.net\/replanta\/wp-content\/uploads\/2021\/11\/compostor_novo2-883x1024.png 883w, https:\/\/sodasystem.net\/replanta\/wp-content\/uploads\/2021\/11\/compostor_novo2-259x300.png 259w, https:\/\/sodasystem.net\/replanta\/wp-content\/uploads\/2021\/11\/compostor_novo2-768x890.png 768w, https:\/\/sodasystem.net\/replanta\/wp-content\/uploads\/2021\/11\/compostor_novo2.png 1294w\" sizes=\"(max-width: 883px) 100vw, 883px\" \/>\t\t\t\t\t\t\t\t\t\t\t\t\t\t<\/div>\n\t\t\t\t\t\t<\/div>\n\t\t\t\t<\/div>\n\t\t\t\t\t\t<\/div>\n\t\t\t\t\t<\/div>\n\t\t<\/div>\n\t\t\t\t\t\t\t\t<\/div>\n\t\t\t\t\t<\/div>\n\t\t<\/main>\n\t\t\t\t<section class=\"elementor-section elementor-top-section elementor-element elementor-element-6e387c4c elementor-section-full_width elementor-section-height-min-height elementor-section-height-default elementor-section-items-middle\" data-id=\"6e387c4c\" data-element_type=\"section\">\n\t\t\t\t\t\t<div class=\"elementor-container elementor-column-gap-no\">\n\t\t\t\t\t\t\t<div class=\"elementor-row\">\n\t\t\t\t\t<div class=\"elementor-column elementor-col-100 elementor-top-column elementor-element elementor-element-4261fc78\" data-id=\"4261fc78\" data-element_type=\"column\">\n\t\t\t<div class=\"elementor-column-wrap elementor-element-populated\">\n\t\t\t\t\t\t\t<div class=\"elementor-widget-wrap\">\n\t\t\t\t\t\t<section class=\"elementor-section elementor-inner-section elementor-element elementor-element-760bfc5e elementor-section-full_width elementor-section-height-min-height elementor-section-height-default\" data-id=\"760bfc5e\" data-element_type=\"section\">\n\t\t\t\t\t\t<div class=\"elementor-container elementor-column-gap-no\">\n\t\t\t\t\t\t\t<div class=\"elementor-row\">\n\t\t\t\t\t<div class=\"elementor-column elementor-col-50 elementor-inner-column elementor-element elementor-element-483232f1\" data-id=\"483232f1\" data-element_type=\"column\" data-settings=\"{&quot;background_background&quot;:&quot;classic&quot;}\">\n\t\t\t<div class=\"elementor-column-wrap elementor-element-populated\">\n\t\t\t\t\t\t\t<div class=\"elementor-widget-wrap\">\n\t\t\t\t\t\t<div class=\"elementor-element elementor-element-68baa3b4 elementor-invisible elementor-widget elementor-widget-heading\" data-id=\"68baa3b4\" data-element_type=\"widget\" data-settings=\"{&quot;_animation&quot;:&quot;fadeIn&quot;}\" data-widget_type=\"heading.default\">\n\t\t\t\t<div class=\"elementor-widget-container\">\n\t\t\t<div class=\"title-h1 elementor-heading-title elementor-size-default\">Requisite aqui o\nseu compostor\ngratuito.<\/div>\t\t<\/div>\n\t\t\t\t<\/div>\n\t\t\t\t<div class=\"elementor-element elementor-element-360cbfc8 elementor-invisible elementor-widget elementor-widget-text-editor\" data-id=\"360cbfc8\" data-element_type=\"widget\" data-settings=\"{&quot;_animation&quot;:&quot;fadeIn&quot;}\" data-widget_type=\"text-editor.default\">\n\t\t\t\t<div class=\"elementor-widget-container\">\n\t\t\t\t\t\t\t\t<div class=\"elementor-text-editor elementor-clearfix\">\n\t\t\t\t<p class=\"styled-subtitle\">Os\ncompostores s\u00e3o uma oferta\ndo Re Planta!, da GESAMB e do\nseu munic\u00edpio.\nSe vive num concelho do distrito\nde \u00c9vora (\u00e0 excep\u00e7\u00e3o de Viana\ndo Alentejo e Portel) e tem um\npouco de terreno dispon\u00edvel\npreencha o seu pedido aqui<\/p>\t\t\t\t\t<\/div>\n\t\t\t\t\t\t<\/div>\n\t\t\t\t<\/div>\n\t\t\t\t<div class=\"elementor-element elementor-element-33787b9a elementor-widget elementor-widget-thegem-styledbutton\" data-id=\"33787b9a\" data-element_type=\"widget\" data-settings=\"{&quot;thegem_button_skin&quot;:&quot;outline&quot;,&quot;effects_enabled&quot;:&quot;yes&quot;}\" data-widget_type=\"thegem-styledbutton.default\">\n\t\t\t\t<div class=\"elementor-widget-container\">\n\t\t\t\n<div class=\"gem-button-container gem-widget-button lazy-loading\">\n\n\t\t<a class=\"lazy-loading-item gem-button gem-button-size-small gem-button-text-weight-bold gem-button-style-outline gem-button-border-2\" data-ll-effect=\"drop-right-without-wrap\" href=\"https:\/\/docs.google.com\/forms\/d\/e\/1FAIpQLScK-1EK6gZukTpBg-I5eifmXpWM-ztN_P7gbQHftkFb2TQ-KA\/viewform\" target=\"_blank\">\n\t\t<span class=\"gem-inner-wrapper-btn\">\n\t\t\t\t\t\t<span class=\"gem-text-button\">\n\t\t\t\tInscri\u00e7\u00e3o\t\t\t<\/span>\n\t\t<\/span>\n\t<\/a>\n\n\t\n<\/div>\t\t<\/div>\n\t\t\t\t<\/div>\n\t\t\t\t\t\t<\/div>\n\t\t\t\t\t<\/div>\n\t\t<\/div>\n\t\t\t\t<div class=\"elementor-column elementor-col-50 elementor-inner-column elementor-element elementor-element-547e1477\" data-id=\"547e1477\" data-element_type=\"column\" data-settings=\"{&quot;background_background&quot;:&quot;classic&quot;}\">\n\t\t\t<div class=\"elementor-column-wrap elementor-element-populated\">\n\t\t\t\t\t\t\t<div class=\"elementor-widget-wrap\">\n\t\t\t\t\t\t<div class=\"elementor-element elementor-element-9e8db9b elementor-widget elementor-widget-spacer\" data-id=\"9e8db9b\" data-element_type=\"widget\" data-widget_type=\"spacer.default\">\n\t\t\t\t<div class=\"elementor-widget-container\">\n\t\t\t\t\t<div class=\"elementor-spacer\">\n\t\t\t<div class=\"elementor-spacer-inner\"><\/div>\n\t\t<\/div>\n\t\t\t\t<\/div>\n\t\t\t\t<\/div>\n\t\t\t\t\t\t<\/div>\n\t\t\t\t\t<\/div>\n\t\t<\/div>\n\t\t\t\t\t\t\t\t<\/div>\n\t\t\t\t\t<\/div>\n\t\t<\/section>\n\t\t\t\t<section class=\"elementor-section elementor-inner-section elementor-element elementor-element-272bfd13 elementor-section-full_width elementor-section-height-min-height elementor-reverse-mobile elementor-reverse-tablet elementor-section-height-default\" data-id=\"272bfd13\" data-element_type=\"section\">\n\t\t\t\t\t\t<div class=\"elementor-container elementor-column-gap-no\">\n\t\t\t\t\t\t\t<div class=\"elementor-row\">\n\t\t\t\t\t<div class=\"elementor-column elementor-col-50 elementor-inner-column elementor-element elementor-element-53d058af\" data-id=\"53d058af\" data-element_type=\"column\" data-settings=\"{&quot;background_background&quot;:&quot;classic&quot;}\">\n\t\t\t<div class=\"elementor-column-wrap elementor-element-populated\">\n\t\t\t\t\t\t\t<div class=\"elementor-widget-wrap\">\n\t\t\t\t\t\t<div class=\"elementor-element elementor-element-265c5e1 elementor-widget elementor-widget-spacer\" data-id=\"265c5e1\" data-element_type=\"widget\" data-widget_type=\"spacer.default\">\n\t\t\t\t<div class=\"elementor-widget-container\">\n\t\t\t\t\t<div class=\"elementor-spacer\">\n\t\t\t<div class=\"elementor-spacer-inner\"><\/div>\n\t\t<\/div>\n\t\t\t\t<\/div>\n\t\t\t\t<\/div>\n\t\t\t\t\t\t<\/div>\n\t\t\t\t\t<\/div>\n\t\t<\/div>\n\t\t\t\t<div class=\"elementor-column elementor-col-50 elementor-inner-column elementor-element elementor-element-4042247e\" data-id=\"4042247e\" data-element_type=\"column\" data-settings=\"{&quot;background_background&quot;:&quot;classic&quot;}\">\n\t\t\t<div class=\"elementor-column-wrap elementor-element-populated\">\n\t\t\t\t\t\t\t<div class=\"elementor-widget-wrap\">\n\t\t\t\t\t\t<div class=\"elementor-element elementor-element-603fc39e elementor-widget elementor-widget-heading\" data-id=\"603fc39e\" data-element_type=\"widget\" data-widget_type=\"heading.default\">\n\t\t\t\t<div class=\"elementor-widget-container\">\n\t\t\t<div class=\"title-h1 elementor-heading-title elementor-size-default\">Tire o m\u00e1ximo\npartido da\ncompostagem\ndom\u00e9stica.<\/div>\t\t<\/div>\n\t\t\t\t<\/div>\n\t\t\t\t<div class=\"elementor-element elementor-element-5d8dcbdb elementor-widget elementor-widget-text-editor\" data-id=\"5d8dcbdb\" data-element_type=\"widget\" data-widget_type=\"text-editor.default\">\n\t\t\t\t<div class=\"elementor-widget-container\">\n\t\t\t\t\t\t\t\t<div class=\"elementor-text-editor elementor-clearfix\">\n\t\t\t\t<p class=\"styled-subtitle\">Inicie se na produ\u00e7\u00e3o de alimentos biol\u00f3gicos. Saiba como rentabilizar o seu compostor e aprenda as melhores t\u00e9cnicas para produzir composto facilmente.\nInscreva se numa sess\u00e3o Re-Planta! Ou consulte os nossos\nguias.<\/p>\t\t\t\t\t<\/div>\n\t\t\t\t\t\t<\/div>\n\t\t\t\t<\/div>\n\t\t\t\t<div class=\"elementor-element elementor-element-2e70e663 elementor-widget elementor-widget-thegem-styledbutton\" data-id=\"2e70e663\" data-element_type=\"widget\" data-settings=\"{&quot;thegem_button_skin&quot;:&quot;outline&quot;,&quot;effects_enabled&quot;:&quot;yes&quot;}\" data-widget_type=\"thegem-styledbutton.default\">\n\t\t\t\t<div class=\"elementor-widget-container\">\n\t\t\t\n<div class=\"gem-button-container gem-widget-button lazy-loading\">\n\n\t\t<a class=\"lazy-loading-item gem-button gem-button-size-small gem-button-text-weight-bold gem-button-style-outline gem-button-border-2\" data-ll-effect=\"drop-right-without-wrap\">\n\t\t<span class=\"gem-inner-wrapper-btn\">\n\t\t\t\t\t\t<span class=\"gem-text-button\">\n\t\t\t\tbrevemente\t\t\t<\/span>\n\t\t<\/span>\n\t<\/a>\n\n\t\n<\/div>\t\t<\/div>\n\t\t\t\t<\/div>\n\t\t\t\t\t\t<\/div>\n\t\t\t\t\t<\/div>\n\t\t<\/div>\n\t\t\t\t\t\t\t\t<\/div>\n\t\t\t\t\t<\/div>\n\t\t<\/section>\n\t\t\t\t\t\t<\/div>\n\t\t\t\t\t<\/div>\n\t\t<\/div>\n\t\t\t\t\t\t\t\t<\/div>\n\t\t\t\t\t<\/div>\n\t\t<\/section>\n\t\t\t\t\t\t<\/div>\n\t\t\t\t\t\t<\/div>\n\t\t\t\t\t<\/div>\n\t\t","protected":false},"excerpt":{"rendered":"<p>Design ao servi\u00e7o da compostagem. Os novos compostores Re-Planta! s\u00e3o o equipamento perfeito para ter no seu jardim. Mais compactos&#8230;<\/p>\n","protected":false},"author":2,"featured_media":1917,"parent":0,"menu_order":0,"comment_status":"closed","ping_status":"closed","template":"page-fullwidth.php","meta":{"footnotes":""},"class_list":["post-2183","page","type-page","status-publish","has-post-thumbnail"],"_links":{"self":[{"href":"https:\/\/sodasystem.net\/replanta\/wp-json\/wp\/v2\/pages\/2183","targetHints":{"allow":["GET"]}}],"collection":[{"href":"https:\/\/sodasystem.net\/replanta\/wp-json\/wp\/v2\/pages"}],"about":[{"href":"https:\/\/sodasystem.net\/replanta\/wp-json\/wp\/v2\/types\/page"}],"author":[{"embeddable":true,"href":"https:\/\/sodasystem.net\/replanta\/wp-json\/wp\/v2\/users\/2"}],"replies":[{"embeddable":true,"href":"https:\/\/sodasystem.net\/replanta\/wp-json\/wp\/v2\/comments?post=2183"}],"version-history":[{"count":21,"href":"https:\/\/sodasystem.net\/replanta\/wp-json\/wp\/v2\/pages\/2183\/revisions"}],"predecessor-version":[{"id":2475,"href":"https:\/\/sodasystem.net\/replanta\/wp-json\/wp\/v2\/pages\/2183\/revisions\/2475"}],"wp:featuredmedia":[{"embeddable":true,"href":"https:\/\/sodasystem.net\/replanta\/wp-json\/wp\/v2\/media\/1917"}],"wp:attachment":[{"href":"https:\/\/sodasystem.net\/replanta\/wp-json\/wp\/v2\/media?parent=2183"}],"curies":[{"name":"wp","href":"https:\/\/api.w.org\/{rel}","templated":true}]}}