{"id":2401,"date":"2021-11-16T17:43:25","date_gmt":"2021-11-16T17:43:25","guid":{"rendered":"https:\/\/sodasystem.net\/replanta\/?page_id=2401"},"modified":"2021-11-16T18:34:49","modified_gmt":"2021-11-16T18:34:49","slug":"politica-privacidade","status":"publish","type":"page","link":"https:\/\/sodasystem.net\/replanta\/politica-privacidade\/","title":{"rendered":"Pol\u00edtica de Privacidade"},"content":{"rendered":"\t\t<div data-elementor-type=\"wp-page\" data-elementor-id=\"2401\" class=\"elementor elementor-2401\" data-elementor-settings=\"[]\">\n\t\t\t\t\t\t<div class=\"elementor-inner\">\n\t\t\t\t\t\t\t<div class=\"elementor-section-wrap\">\n\t\t\t\t\t\t\t<main class=\"elementor-section elementor-top-section elementor-element elementor-element-14b92cf elementor-reverse-mobile elementor-section-height-min-height elementor-reverse-tablet elementor-section-boxed elementor-section-height-default elementor-section-items-middle elementor-invisible\" data-id=\"14b92cf\" data-element_type=\"section\" data-settings=\"{&quot;animation&quot;:&quot;fadeIn&quot;,&quot;background_background&quot;:&quot;classic&quot;}\">\n\t\t\t\t\t\t<div class=\"elementor-container elementor-column-gap-thegem\">\n\t\t\t\t\t\t\t<div class=\"elementor-row\">\n\t\t\t\t\t<div class=\"elementor-column elementor-col-100 elementor-top-column elementor-element elementor-element-fe59a89\" data-id=\"fe59a89\" data-element_type=\"column\">\n\t\t\t<div class=\"elementor-column-wrap elementor-element-populated\">\n\t\t\t\t\t\t\t<div class=\"elementor-widget-wrap\">\n\t\t\t\t\t\t<div class=\"elementor-element elementor-element-1db369b elementor-widget elementor-widget-heading\" data-id=\"1db369b\" data-element_type=\"widget\" data-widget_type=\"heading.default\">\n\t\t\t\t<div class=\"elementor-widget-container\">\n\t\t\t<div class=\"title-h1 elementor-heading-title elementor-size-default\">Pol\u00edtica de privacidade<\/div>\t\t<\/div>\n\t\t\t\t<\/div>\n\t\t\t\t<div class=\"elementor-element elementor-element-074df09 elementor-widget elementor-widget-heading\" data-id=\"074df09\" data-element_type=\"widget\" data-widget_type=\"heading.default\">\n\t\t\t\t<div class=\"elementor-widget-container\">\n\t\t\t<div class=\"styled-subtitle elementor-heading-title elementor-size-default\">A presente Pol\u00edtica de Privacidade tem como finalidade garantir o nosso compromisso e respeito pela legisla\u00e7\u00e3o nacional e comunit\u00e1ria relativa \u00e0 privacidade e de prote\u00e7\u00e3o de dados pessoais<\/div>\t\t<\/div>\n\t\t\t\t<\/div>\n\t\t\t\t\t\t<\/div>\n\t\t\t\t\t<\/div>\n\t\t<\/div>\n\t\t\t\t\t\t\t\t<\/div>\n\t\t\t\t\t<\/div>\n\t\t<\/main>\n\t\t\t\t<main class=\"elementor-section elementor-top-section elementor-element elementor-element-136291f elementor-reverse-mobile elementor-section-height-min-height elementor-reverse-tablet elementor-section-boxed elementor-section-height-default elementor-section-items-middle elementor-invisible\" data-id=\"136291f\" data-element_type=\"section\" data-settings=\"{&quot;animation&quot;:&quot;fadeIn&quot;,&quot;background_background&quot;:&quot;classic&quot;}\">\n\t\t\t\t\t\t<div class=\"elementor-container elementor-column-gap-thegem\">\n\t\t\t\t\t\t\t<div class=\"elementor-row\">\n\t\t\t\t\t<div class=\"elementor-column elementor-col-100 elementor-top-column elementor-element elementor-element-b120228\" data-id=\"b120228\" data-element_type=\"column\">\n\t\t\t<div class=\"elementor-column-wrap elementor-element-populated\">\n\t\t\t\t\t\t\t<div class=\"elementor-widget-wrap\">\n\t\t\t\t\t\t<div class=\"elementor-element elementor-element-796cc59 elementor-widget elementor-widget-heading\" data-id=\"796cc59\" data-element_type=\"widget\" data-widget_type=\"heading.default\">\n\t\t\t\t<div class=\"elementor-widget-container\">\n\t\t\t<h2 class=\"elementor-heading-title elementor-size-default\">quem somos<\/h2>\t\t<\/div>\n\t\t\t\t<\/div>\n\t\t\t\t<div class=\"elementor-element elementor-element-ba8c578 elementor-widget elementor-widget-heading\" data-id=\"ba8c578\" data-element_type=\"widget\" data-widget_type=\"heading.default\">\n\t\t\t\t<div class=\"elementor-widget-container\">\n\t\t\t<p class=\"elementor-heading-title elementor-size-default\">O Re-Planta! \u00e9 um projeto promovido pela Gesamb \u2013 Gest\u00e3o Ambiental e de Res\u00edduos, EIM.<\/p>\t\t<\/div>\n\t\t\t\t<\/div>\n\t\t\t\t\t\t<\/div>\n\t\t\t\t\t<\/div>\n\t\t<\/div>\n\t\t\t\t\t\t\t\t<\/div>\n\t\t\t\t\t<\/div>\n\t\t<\/main>\n\t\t\t\t<main class=\"elementor-section elementor-top-section elementor-element elementor-element-3230c6d elementor-reverse-mobile elementor-section-height-min-height elementor-reverse-tablet elementor-section-boxed elementor-section-height-default elementor-section-items-middle elementor-invisible\" data-id=\"3230c6d\" data-element_type=\"section\" data-settings=\"{&quot;animation&quot;:&quot;fadeIn&quot;,&quot;background_background&quot;:&quot;classic&quot;}\">\n\t\t\t\t\t\t<div class=\"elementor-container elementor-column-gap-thegem\">\n\t\t\t\t\t\t\t<div class=\"elementor-row\">\n\t\t\t\t\t<div class=\"elementor-column elementor-col-100 elementor-top-column elementor-element elementor-element-683816b\" data-id=\"683816b\" data-element_type=\"column\">\n\t\t\t<div class=\"elementor-column-wrap elementor-element-populated\">\n\t\t\t\t\t\t\t<div class=\"elementor-widget-wrap\">\n\t\t\t\t\t\t<div class=\"elementor-element elementor-element-5796061 elementor-widget elementor-widget-heading\" data-id=\"5796061\" data-element_type=\"widget\" data-widget_type=\"heading.default\">\n\t\t\t\t<div class=\"elementor-widget-container\">\n\t\t\t<h2 class=\"elementor-heading-title elementor-size-default\">que dados recolhemos<\/h2>\t\t<\/div>\n\t\t\t\t<\/div>\n\t\t\t\t<div class=\"elementor-element elementor-element-e88369a elementor-widget elementor-widget-heading\" data-id=\"e88369a\" data-element_type=\"widget\" data-widget_type=\"heading.default\">\n\t\t\t\t<div class=\"elementor-widget-container\">\n\t\t\t<p class=\"elementor-heading-title elementor-size-default\">O Re-Planta! apenas recolhe e trata dados pessoais como nome, morada, email, telefone ou outros quando os mesmos sejam diretamente fornecidos por si.<\/p>\t\t<\/div>\n\t\t\t\t<\/div>\n\t\t\t\t\t\t<\/div>\n\t\t\t\t\t<\/div>\n\t\t<\/div>\n\t\t\t\t\t\t\t\t<\/div>\n\t\t\t\t\t<\/div>\n\t\t<\/main>\n\t\t\t\t<main class=\"elementor-section elementor-top-section elementor-element elementor-element-744019a elementor-reverse-mobile elementor-section-height-min-height elementor-reverse-tablet elementor-section-boxed elementor-section-height-default elementor-section-items-middle elementor-invisible\" data-id=\"744019a\" data-element_type=\"section\" data-settings=\"{&quot;animation&quot;:&quot;fadeIn&quot;,&quot;background_background&quot;:&quot;classic&quot;}\">\n\t\t\t\t\t\t<div class=\"elementor-container elementor-column-gap-thegem\">\n\t\t\t\t\t\t\t<div class=\"elementor-row\">\n\t\t\t\t\t<div class=\"elementor-column elementor-col-100 elementor-top-column elementor-element elementor-element-d8b9c1c\" data-id=\"d8b9c1c\" data-element_type=\"column\">\n\t\t\t<div class=\"elementor-column-wrap elementor-element-populated\">\n\t\t\t\t\t\t\t<div class=\"elementor-widget-wrap\">\n\t\t\t\t\t\t<div class=\"elementor-element elementor-element-f07d1ab elementor-widget elementor-widget-heading\" data-id=\"f07d1ab\" data-element_type=\"widget\" data-widget_type=\"heading.default\">\n\t\t\t\t<div class=\"elementor-widget-container\">\n\t\t\t<h2 class=\"elementor-heading-title elementor-size-default\">o que fazemos aos seus dados<\/h2>\t\t<\/div>\n\t\t\t\t<\/div>\n\t\t\t\t<div class=\"elementor-element elementor-element-543774f elementor-widget elementor-widget-heading\" data-id=\"543774f\" data-element_type=\"widget\" data-widget_type=\"heading.default\">\n\t\t\t\t<div class=\"elementor-widget-container\">\n\t\t\t<p class=\"elementor-heading-title elementor-size-default\">Os dados recolhidos destinam-se ao processamento da informa\u00e7\u00e3o tal qual indicamos quando os solicitamos. Os seus dados apenas ser\u00e3o utilizados se verificada uma das seguintes condi\u00e7\u00f5es: <br>\n \u2022 Prestou o seu consentimento atrav\u00e9s da assinatura ou aceita\u00e7\u00e3o de um formul\u00e1rio digital ou em papel;<br>\n \u2022 Os dados s\u00e3o necess\u00e1rios para o cumprimento de obriga\u00e7\u00f5es legais.<\/p>\t\t<\/div>\n\t\t\t\t<\/div>\n\t\t\t\t\t\t<\/div>\n\t\t\t\t\t<\/div>\n\t\t<\/div>\n\t\t\t\t\t\t\t\t<\/div>\n\t\t\t\t\t<\/div>\n\t\t<\/main>\n\t\t\t\t<main class=\"elementor-section elementor-top-section elementor-element elementor-element-38c6a45 elementor-reverse-mobile elementor-section-height-min-height elementor-reverse-tablet elementor-section-boxed elementor-section-height-default elementor-section-items-middle elementor-invisible\" data-id=\"38c6a45\" data-element_type=\"section\" data-settings=\"{&quot;animation&quot;:&quot;fadeIn&quot;,&quot;background_background&quot;:&quot;classic&quot;}\">\n\t\t\t\t\t\t<div class=\"elementor-container elementor-column-gap-thegem\">\n\t\t\t\t\t\t\t<div class=\"elementor-row\">\n\t\t\t\t\t<div class=\"elementor-column elementor-col-100 elementor-top-column elementor-element elementor-element-7223e9f\" data-id=\"7223e9f\" data-element_type=\"column\">\n\t\t\t<div class=\"elementor-column-wrap elementor-element-populated\">\n\t\t\t\t\t\t\t<div class=\"elementor-widget-wrap\">\n\t\t\t\t\t\t<div class=\"elementor-element elementor-element-9b574da elementor-widget elementor-widget-heading\" data-id=\"9b574da\" data-element_type=\"widget\" data-widget_type=\"heading.default\">\n\t\t\t\t<div class=\"elementor-widget-container\">\n\t\t\t<h2 class=\"elementor-heading-title elementor-size-default\">Durante quanto tempo guardamos os dados que nos forneceu<\/h2>\t\t<\/div>\n\t\t\t\t<\/div>\n\t\t\t\t<div class=\"elementor-element elementor-element-8598f4d elementor-widget elementor-widget-heading\" data-id=\"8598f4d\" data-element_type=\"widget\" data-widget_type=\"heading.default\">\n\t\t\t\t<div class=\"elementor-widget-container\">\n\t\t\t<p class=\"elementor-heading-title elementor-size-default\">Para os utilizadores que subscreveram o nosso website,, guardamos a informa\u00e7\u00e3o fornecida por tempo indeterminado no seu perfil. As restantes situa\u00e7\u00f5es s\u00e3o indicadas aquando da solicita\u00e7\u00e3o. Todos os utilizadores podem solicitar a qualquer momento a elimina\u00e7\u00e3o do seu perfil.<\/p>\t\t<\/div>\n\t\t\t\t<\/div>\n\t\t\t\t\t\t<\/div>\n\t\t\t\t\t<\/div>\n\t\t<\/div>\n\t\t\t\t\t\t\t\t<\/div>\n\t\t\t\t\t<\/div>\n\t\t<\/main>\n\t\t\t\t<main class=\"elementor-section elementor-top-section elementor-element elementor-element-497cc17 elementor-reverse-mobile elementor-section-height-min-height elementor-reverse-tablet elementor-section-boxed elementor-section-height-default elementor-section-items-middle elementor-invisible\" data-id=\"497cc17\" data-element_type=\"section\" data-settings=\"{&quot;animation&quot;:&quot;fadeIn&quot;,&quot;background_background&quot;:&quot;classic&quot;}\">\n\t\t\t\t\t\t<div class=\"elementor-container elementor-column-gap-thegem\">\n\t\t\t\t\t\t\t<div class=\"elementor-row\">\n\t\t\t\t\t<div class=\"elementor-column elementor-col-100 elementor-top-column elementor-element elementor-element-6e7d6ca\" data-id=\"6e7d6ca\" data-element_type=\"column\">\n\t\t\t<div class=\"elementor-column-wrap elementor-element-populated\">\n\t\t\t\t\t\t\t<div class=\"elementor-widget-wrap\">\n\t\t\t\t\t\t<div class=\"elementor-element elementor-element-5aa47ef elementor-widget elementor-widget-heading\" data-id=\"5aa47ef\" data-element_type=\"widget\" data-widget_type=\"heading.default\">\n\t\t\t\t<div class=\"elementor-widget-container\">\n\t\t\t<h2 class=\"elementor-heading-title elementor-size-default\">Quem tem acesso aos seus dados<\/h2>\t\t<\/div>\n\t\t\t\t<\/div>\n\t\t\t\t<div class=\"elementor-element elementor-element-a8b01b3 elementor-widget elementor-widget-heading\" data-id=\"a8b01b3\" data-element_type=\"widget\" data-widget_type=\"heading.default\">\n\t\t\t\t<div class=\"elementor-widget-container\">\n\t\t\t<p class=\"elementor-heading-title elementor-size-default\">N\u00e3o divulgamos a terceiros quaisquer dados pessoais sem o consentimento do seu titular, exceto quando tal for exigido ou permitido por lei.\nSempre que a Gesamb recorra a qualquer subcontratante, salvaguardar\u00e1 o cumprimento do Regulamento Geral de Prote\u00e7\u00e3o de Dados (RGPD) e demais legisla\u00e7\u00e3o aplic\u00e1vel ao n\u00edvel da seguran\u00e7a e prote\u00e7\u00e3o de dados, nomeadamente atrav\u00e9s da previs\u00e3o de disposi\u00e7\u00f5es contratuais que garantam que o subcontratante utiliza os dados recebidos somente:<br>\n \u2022 Para as finalidades especificadas;<br>\n \u2022 Em conformidade com os fins descritos nesta pol\u00edtica.<\/p>\t\t<\/div>\n\t\t\t\t<\/div>\n\t\t\t\t\t\t<\/div>\n\t\t\t\t\t<\/div>\n\t\t<\/div>\n\t\t\t\t\t\t\t\t<\/div>\n\t\t\t\t\t<\/div>\n\t\t<\/main>\n\t\t\t\t<main class=\"elementor-section elementor-top-section elementor-element elementor-element-1ee8024 elementor-reverse-mobile elementor-section-height-min-height elementor-reverse-tablet elementor-section-boxed elementor-section-height-default elementor-section-items-middle elementor-invisible\" data-id=\"1ee8024\" data-element_type=\"section\" data-settings=\"{&quot;animation&quot;:&quot;fadeIn&quot;,&quot;background_background&quot;:&quot;classic&quot;}\">\n\t\t\t\t\t\t<div class=\"elementor-container elementor-column-gap-thegem\">\n\t\t\t\t\t\t\t<div class=\"elementor-row\">\n\t\t\t\t\t<div class=\"elementor-column elementor-col-100 elementor-top-column elementor-element elementor-element-fd0282e\" data-id=\"fd0282e\" data-element_type=\"column\">\n\t\t\t<div class=\"elementor-column-wrap elementor-element-populated\">\n\t\t\t\t\t\t\t<div class=\"elementor-widget-wrap\">\n\t\t\t\t\t\t<div class=\"elementor-element elementor-element-3c667bb elementor-widget elementor-widget-heading\" data-id=\"3c667bb\" data-element_type=\"widget\" data-widget_type=\"heading.default\">\n\t\t\t\t<div class=\"elementor-widget-container\">\n\t\t\t<h2 class=\"elementor-heading-title elementor-size-default\">Liga\u00e7\u00f5es a websites de terceiros<\/h2>\t\t<\/div>\n\t\t\t\t<\/div>\n\t\t\t\t<div class=\"elementor-element elementor-element-da2f963 elementor-widget elementor-widget-heading\" data-id=\"da2f963\" data-element_type=\"widget\" data-widget_type=\"heading.default\">\n\t\t\t\t<div class=\"elementor-widget-container\">\n\t\t\t<p class=\"elementor-heading-title elementor-size-default\">O www.re-planta.pt possui liga\u00e7\u00f5es para outros sites. A nossa pol\u00edtica de privacidade n\u00e3o \u00e9 aplicada a sites de terceiros, pelo que caso visite outro site a partir do nosso dever\u00e1 ler a pol\u00edtica de privacidade do mesmo.\n\nN\u00e3o nos responsabilizamos pela pol\u00edtica de privacidade ou conte\u00fado presente nesses mesmos sites.<\/p>\t\t<\/div>\n\t\t\t\t<\/div>\n\t\t\t\t\t\t<\/div>\n\t\t\t\t\t<\/div>\n\t\t<\/div>\n\t\t\t\t\t\t\t\t<\/div>\n\t\t\t\t\t<\/div>\n\t\t<\/main>\n\t\t\t\t<main class=\"elementor-section elementor-top-section elementor-element elementor-element-46da455 elementor-reverse-mobile elementor-section-height-min-height elementor-reverse-tablet elementor-section-boxed elementor-section-height-default elementor-section-items-middle elementor-invisible\" data-id=\"46da455\" data-element_type=\"section\" data-settings=\"{&quot;animation&quot;:&quot;fadeIn&quot;,&quot;background_background&quot;:&quot;classic&quot;}\">\n\t\t\t\t\t\t<div class=\"elementor-container elementor-column-gap-thegem\">\n\t\t\t\t\t\t\t<div class=\"elementor-row\">\n\t\t\t\t\t<div class=\"elementor-column elementor-col-100 elementor-top-column elementor-element elementor-element-def6155\" data-id=\"def6155\" data-element_type=\"column\">\n\t\t\t<div class=\"elementor-column-wrap elementor-element-populated\">\n\t\t\t\t\t\t\t<div class=\"elementor-widget-wrap\">\n\t\t\t\t\t\t<div class=\"elementor-element elementor-element-5c44998 elementor-widget elementor-widget-heading\" data-id=\"5c44998\" data-element_type=\"widget\" data-widget_type=\"heading.default\">\n\t\t\t\t<div class=\"elementor-widget-container\">\n\t\t\t<h2 class=\"elementor-heading-title elementor-size-default\">Onde s\u00e3o guardados os seus dados<\/h2>\t\t<\/div>\n\t\t\t\t<\/div>\n\t\t\t\t<div class=\"elementor-element elementor-element-b23a5a6 elementor-widget elementor-widget-heading\" data-id=\"b23a5a6\" data-element_type=\"widget\" data-widget_type=\"heading.default\">\n\t\t\t\t<div class=\"elementor-widget-container\">\n\t\t\t<p class=\"elementor-heading-title elementor-size-default\">A Gesamb guarda os seus dados pessoais num servidor contratado em datacenters localizados em Portugal. Estes dados e respetivas infraestruturas s\u00e3o protegidos e mantidos de acordo com standards de seguran\u00e7a e por forma a respeitar as leis de privacidade aplic\u00e1veis. \nA Gesamb n\u00e3o faz transfer\u00eancia de informa\u00e7\u00e3o para um pa\u00eds fora da \u00e1rea de jurisdi\u00e7\u00e3o da Uni\u00e3o Europeia, que n\u00e3o tenha sido formalmente designado pela Comiss\u00e3o Europeia como tendo os n\u00edveis adequados de prote\u00e7\u00e3o de informa\u00e7\u00e3o.<\/p>\t\t<\/div>\n\t\t\t\t<\/div>\n\t\t\t\t\t\t<\/div>\n\t\t\t\t\t<\/div>\n\t\t<\/div>\n\t\t\t\t\t\t\t\t<\/div>\n\t\t\t\t\t<\/div>\n\t\t<\/main>\n\t\t\t\t<main class=\"elementor-section elementor-top-section elementor-element elementor-element-ddc5474 elementor-reverse-mobile elementor-section-height-min-height elementor-reverse-tablet elementor-section-boxed elementor-section-height-default elementor-section-items-middle elementor-invisible\" data-id=\"ddc5474\" data-element_type=\"section\" data-settings=\"{&quot;animation&quot;:&quot;fadeIn&quot;,&quot;background_background&quot;:&quot;classic&quot;}\">\n\t\t\t\t\t\t<div class=\"elementor-container elementor-column-gap-thegem\">\n\t\t\t\t\t\t\t<div class=\"elementor-row\">\n\t\t\t\t\t<div class=\"elementor-column elementor-col-100 elementor-top-column elementor-element elementor-element-7ae9364\" data-id=\"7ae9364\" data-element_type=\"column\">\n\t\t\t<div class=\"elementor-column-wrap elementor-element-populated\">\n\t\t\t\t\t\t\t<div class=\"elementor-widget-wrap\">\n\t\t\t\t\t\t<div class=\"elementor-element elementor-element-c9847cd elementor-widget elementor-widget-heading\" data-id=\"c9847cd\" data-element_type=\"widget\" data-widget_type=\"heading.default\">\n\t\t\t\t<div class=\"elementor-widget-container\">\n\t\t\t<h2 class=\"elementor-heading-title elementor-size-default\">Os seus dados est\u00e3o seguros connosco<\/h2>\t\t<\/div>\n\t\t\t\t<\/div>\n\t\t\t\t<div class=\"elementor-element elementor-element-b8290c1 elementor-widget elementor-widget-heading\" data-id=\"b8290c1\" data-element_type=\"widget\" data-widget_type=\"heading.default\">\n\t\t\t\t<div class=\"elementor-widget-container\">\n\t\t\t<p class=\"elementor-heading-title elementor-size-default\">A Gesamb desenvolve todos os esfor\u00e7os adequados para evitar a utiliza\u00e7\u00e3o n\u00e3o autorizada ou ilegal dos dados pessoais bem como a sua perda, destrui\u00e7\u00e3o ou danifica\u00e7\u00e3o. No entanto, nunca \u00e9 poss\u00edvel fornecer uma garantia absoluta relativamente \u00e0 seguran\u00e7a dos dados pessoais. Por esse motivo, a Gesamb ir\u00e1 informar prontamente os sujeitos envolvidos e as respetivas autoridades competentes (nos prazos legalmente exigidos), sempre que ocorra alguma viola\u00e7\u00e3o ou incidente de seguran\u00e7a.\nA Gesamb protege a seguran\u00e7a dos dados pessoais atrav\u00e9s dos seguintes meios: <br>\n \u2022 Implementa\u00e7\u00e3o de uma pol\u00edtica de seguran\u00e7a interna que abrange os processos de controlo de acesso,  configura\u00e7\u00e3o, armazenamento, c\u00f3pia de seguran\u00e7a, suporte, transmiss\u00e3o e atualiza\u00e7\u00e3o da infraestrutura  tecnol\u00f3gica; <br>\n \u2022 Compromisso de confidencialidade por parte dos seus colaboradores e subcontratados e que estes \u00faltimos s\u00f3  atuam de acordo com as instru\u00e7\u00f5es recebidas, atrav\u00e9s da formaliza\u00e7\u00e3o de um contrato ou outro normativo  v\u00e1lido, com as mesmas obriga\u00e7\u00f5es em mat\u00e9ria de prote\u00e7\u00e3o de dados que as impostas \u00e0 Gesamb.<\/p>\t\t<\/div>\n\t\t\t\t<\/div>\n\t\t\t\t\t\t<\/div>\n\t\t\t\t\t<\/div>\n\t\t<\/div>\n\t\t\t\t\t\t\t\t<\/div>\n\t\t\t\t\t<\/div>\n\t\t<\/main>\n\t\t\t\t<main class=\"elementor-section elementor-top-section elementor-element elementor-element-c2157c2 elementor-reverse-mobile elementor-section-height-min-height elementor-reverse-tablet elementor-section-boxed elementor-section-height-default elementor-section-items-middle elementor-invisible\" data-id=\"c2157c2\" data-element_type=\"section\" data-settings=\"{&quot;animation&quot;:&quot;fadeIn&quot;,&quot;background_background&quot;:&quot;classic&quot;}\">\n\t\t\t\t\t\t<div class=\"elementor-container elementor-column-gap-thegem\">\n\t\t\t\t\t\t\t<div class=\"elementor-row\">\n\t\t\t\t\t<div class=\"elementor-column elementor-col-100 elementor-top-column elementor-element elementor-element-f17a20b\" data-id=\"f17a20b\" data-element_type=\"column\">\n\t\t\t<div class=\"elementor-column-wrap elementor-element-populated\">\n\t\t\t\t\t\t\t<div class=\"elementor-widget-wrap\">\n\t\t\t\t\t\t<div class=\"elementor-element elementor-element-555b56c elementor-widget elementor-widget-heading\" data-id=\"555b56c\" data-element_type=\"widget\" data-widget_type=\"heading.default\">\n\t\t\t\t<div class=\"elementor-widget-container\">\n\t\t\t<h2 class=\"elementor-heading-title elementor-size-default\">Como pode exercer os seus direitos no \u00e2mbito do RGPD<\/h2>\t\t<\/div>\n\t\t\t\t<\/div>\n\t\t\t\t<div class=\"elementor-element elementor-element-3e6aaf3 elementor-widget elementor-widget-heading\" data-id=\"3e6aaf3\" data-element_type=\"widget\" data-widget_type=\"heading.default\">\n\t\t\t\t<div class=\"elementor-widget-container\">\n\t\t\t<p class=\"elementor-heading-title elementor-size-default\">No \u00e2mbito do RGPD, poder\u00e1 executar diretamente a atualiza\u00e7\u00e3o da sua informa\u00e7\u00e3o pessoal. Poder\u00e1 ainda, solicitar alguns direitos espec\u00edficos como:<br>\n \u2022 Informa\u00e7\u00e3o adicional sobre a utiliza\u00e7\u00e3o dos seus dados;<br>\n \u2022 Uma c\u00f3pia dos dados guardados nas nossas bases de dados;<br>\n \u2022 Limita\u00e7\u00e3o ao tratamento ou esquecimento dos seus dados pessoais.<br>\nCaso pretenda exercer algum dos direitos acima apresentados, iremos proceder \u00e0 sua an\u00e1lise e responder nos prazos legalmente exigidos (m\u00e1ximo de 30 dias). Poderemos necessitar de verificar ou que prove a sua identidade antes de executar esses direitos.<br>\nSe apresentar alguma quest\u00e3o relacionado com a nossa utiliza\u00e7\u00e3o dos seus dados pessoais poder\u00e1, a qualquer momento, contactar-nos atrav\u00e9s do email dpo@gesamb.pt.<\/p>\t\t<\/div>\n\t\t\t\t<\/div>\n\t\t\t\t\t\t<\/div>\n\t\t\t\t\t<\/div>\n\t\t<\/div>\n\t\t\t\t\t\t\t\t<\/div>\n\t\t\t\t\t<\/div>\n\t\t<\/main>\n\t\t\t\t\t\t<\/div>\n\t\t\t\t\t\t<\/div>\n\t\t\t\t\t<\/div>\n\t\t","protected":false},"excerpt":{"rendered":"<p>Pol\u00edtica de privacidade A presente Pol\u00edtica de Privacidade tem como finalidade garantir o nosso compromisso e respeito pela legisla\u00e7\u00e3o nacional&#8230;<\/p>\n","protected":false},"author":2,"featured_media":1917,"parent":0,"menu_order":0,"comment_status":"closed","ping_status":"closed","template":"page-fullwidth.php","meta":{"footnotes":""},"class_list":["post-2401","page","type-page","status-publish","has-post-thumbnail"],"_links":{"self":[{"href":"https:\/\/sodasystem.net\/replanta\/wp-json\/wp\/v2\/pages\/2401","targetHints":{"allow":["GET"]}}],"collection":[{"href":"https:\/\/sodasystem.net\/replanta\/wp-json\/wp\/v2\/pages"}],"about":[{"href":"https:\/\/sodasystem.net\/replanta\/wp-json\/wp\/v2\/types\/page"}],"author":[{"embeddable":true,"href":"https:\/\/sodasystem.net\/replanta\/wp-json\/wp\/v2\/users\/2"}],"replies":[{"embeddable":true,"href":"https:\/\/sodasystem.net\/replanta\/wp-json\/wp\/v2\/comments?post=2401"}],"version-history":[{"count":10,"href":"https:\/\/sodasystem.net\/replanta\/wp-json\/wp\/v2\/pages\/2401\/revisions"}],"predecessor-version":[{"id":2412,"href":"https:\/\/sodasystem.net\/replanta\/wp-json\/wp\/v2\/pages\/2401\/revisions\/2412"}],"wp:featuredmedia":[{"embeddable":true,"href":"https:\/\/sodasystem.net\/replanta\/wp-json\/wp\/v2\/media\/1917"}],"wp:attachment":[{"href":"https:\/\/sodasystem.net\/replanta\/wp-json\/wp\/v2\/media?parent=2401"}],"curies":[{"name":"wp","href":"https:\/\/api.w.org\/{rel}","templated":true}]}}